{"id":79,"date":"2009-05-11T21:44:54","date_gmt":"2009-05-11T19:44:54","guid":{"rendered":"http:\/\/tsvkuppingen.de\/lauftreff\/site\/?page_id=79"},"modified":"2019-09-20T17:49:13","modified_gmt":"2019-09-20T15:49:13","slug":"einsteigerkurs","status":"publish","type":"page","link":"https:\/\/tsvkuppingen.de\/lauftreff\/site\/?page_id=79","title":{"rendered":"Einsteigerkurs"},"content":{"rendered":"<p>Seit vielen Jahren bietet der Lauftreff im Fr\u00fchjahr einen Einsteigerkurs f\u00fcr Jedermann an.<\/p>\n<p>Walker und Nordic Walker werden unter geschulter Anleitung in 8 Wochen sukzessive trainiert. Zum Abschluss des Kurses kann jeder Teilnehmer 60 Minuten am St\u00fcck walken.<\/p>\n<p>Der Einsteigerkurs umfasst zus\u00e4tzlich drei Theorieabende rund ums Walken.<\/p>\n<p><a href='https:\/\/tsvkuppingen.de\/lauftreff\/site\/wp-content\/uploads\/2009\/05\/Laufkurs14_Monitor.pdf'>Einsteigerkurs Flyer 2014<\/a><\/p>\n<p>Der n\u00e4chste Einsteigerkurs startet am Samstag, 05. April 2014.<\/p>\n","protected":false},"excerpt":{"rendered":"<p>Seit vielen Jahren bietet der Lauftreff im Fr\u00fchjahr einen Einsteigerkurs f\u00fcr Jedermann an. Walker und Nordic Walker werden unter geschulter Anleitung in 8 Wochen sukzessive trainiert. Zum Abschluss des Kurses kann jeder Teilnehmer 60 Minuten am St\u00fcck walken. Der Einsteigerkurs umfasst zus\u00e4tzlich drei Theorieabende rund ums Walken. Einsteigerkurs Flyer 2014 Der n\u00e4chste Einsteigerkurs startet am [&hellip;]<\/p>\n","protected":false},"author":1,"featured_media":0,"parent":67,"menu_order":0,"comment_status":"open","ping_status":"open","template":"","meta":{"ngg_post_thumbnail":0,"footnotes":""},"class_list":["post-79","page","type-page","status-publish","hentry"],"_links":{"self":[{"href":"https:\/\/tsvkuppingen.de\/lauftreff\/site\/index.php?rest_route=\/wp\/v2\/pages\/79","targetHints":{"allow":["GET"]}}],"collection":[{"href":"https:\/\/tsvkuppingen.de\/lauftreff\/site\/index.php?rest_route=\/wp\/v2\/pages"}],"about":[{"href":"https:\/\/tsvkuppingen.de\/lauftreff\/site\/index.php?rest_route=\/wp\/v2\/types\/page"}],"author":[{"embeddable":true,"href":"https:\/\/tsvkuppingen.de\/lauftreff\/site\/index.php?rest_route=\/wp\/v2\/users\/1"}],"replies":[{"embeddable":true,"href":"https:\/\/tsvkuppingen.de\/lauftreff\/site\/index.php?rest_route=%2Fwp%2Fv2%2Fcomments&post=79"}],"version-history":[{"count":14,"href":"https:\/\/tsvkuppingen.de\/lauftreff\/site\/index.php?rest_route=\/wp\/v2\/pages\/79\/revisions"}],"predecessor-version":[{"id":11579,"href":"https:\/\/tsvkuppingen.de\/lauftreff\/site\/index.php?rest_route=\/wp\/v2\/pages\/79\/revisions\/11579"}],"up":[{"embeddable":true,"href":"https:\/\/tsvkuppingen.de\/lauftreff\/site\/index.php?rest_route=\/wp\/v2\/pages\/67"}],"wp:attachment":[{"href":"https:\/\/tsvkuppingen.de\/lauftreff\/site\/index.php?rest_route=%2Fwp%2Fv2%2Fmedia&parent=79"}],"curies":[{"name":"wp","href":"https:\/\/api.w.org\/{rel}","templated":true}]}}