{"id":801,"date":"2009-08-06T17:56:54","date_gmt":"2009-08-06T15:56:54","guid":{"rendered":"http:\/\/tsvkuppingen.de\/lauftreff\/site\/?page_id=801"},"modified":"2025-08-16T21:30:04","modified_gmt":"2025-08-16T19:30:04","slug":"archiv-2","status":"publish","type":"page","link":"https:\/\/tsvkuppingen.de\/lauftreff\/site\/?page_id=801","title":{"rendered":"Archiv"},"content":{"rendered":"<p><span style=\"color: #ff0000;\"><strong>Zigeunerberglauf &#8230; <\/strong><\/span><\/p>\n<p>&#8230; eine feste Gr\u00f6\u00dfe im Volkslaufkalender bis ins Jahr 2008.<br \/>\n1994, kurz nach der Gr\u00fcndung der Abteilung Lauftreff, fand der <strong>1. Kuppinger Zigeunerberglauf<\/strong> statt. Die gelaufene Strecke betrug 9,9 km bei 90 zu bew\u00e4ltigenden H\u00f6henmetern. Start und Ziel befanden sich damals direkt beim Sportheim des TSV Kuppingen. Die historischen Sieger unter den 79 Teilnehmern hiessen <strong>Robert Manz<\/strong> (TSV Hildrizhausen, 32:39 Min.) bei den M\u00e4nnern und <strong>Christine Weiss<\/strong> (VfL Herrenberg, 42:42 Min.) bei den Frauen.<\/p>\n<p>Im Jahr 1998 erfuhr der Zigeunerberglauf wegweisende \u00c4nderungen. Der Lauf wurde Teil des <strong>Sch\u00f6nbuch-Cups<\/strong>, Start und Ziel wurden an die Gemeindehalle Kuppingen verlegt, die Streckenf\u00fchrung leicht modifiziert und auf 12 km verl\u00e4ngert. Diese Neuerungen wurden mit einem neuen <strong>Teilnehmerrekord von 550 Finishern<\/strong> belohnt. Bis ins Jahr 2008 blieb dann der Lauf nahezu unver\u00e4ndert und erfreute sich immenser Beliebtheit in der ganzen Region.<\/p>\n<p><strong>Die 15 Zigeunerberg-L\u00e4ufe im \u00dcberblick<\/strong><\/p>\n<table border=\"0\" cellspacing=\"2\" cellpadding=\"5\" width=\"600\">\n<tbody>\n<tr>\n<td width=\"30\">Jahr<\/td>\n<td width=\"110\">Lauf<\/td>\n<td width=\"50\">Strecke<\/td>\n<td width=\"40\">Teiln.<\/td>\n<td width=\"125\">Siegerin<\/td>\n<td width=\"40\">Zeit<\/td>\n<td width=\"125\">Sieger<\/td>\n<td width=\"40\">Zeit<\/td>\n<\/tr>\n<tr>\n<td width=\"30\">1994<\/td>\n<td width=\"110\">1. Zigeunerberglauf<\/td>\n<td width=\"50\">9,9 km<\/td>\n<td width=\"40\">79<\/td>\n<td width=\"125\">Weiss, Christine<\/td>\n<td width=\"40\">42:42<\/td>\n<td width=\"125\">Manz, Robert<\/td>\n<td width=\"40\">32:39<\/td>\n<\/tr>\n<tr>\n<td width=\"50\">1995<\/td>\n<td width=\"130\">2. Zigeunerberglauf<\/td>\n<td width=\"50\">9,9 km<\/td>\n<td width=\"40\">155<\/td>\n<td width=\"125\">Weiss, Christine<\/td>\n<td width=\"40\">44:12<\/td>\n<td width=\"125\">Danzer,T. &#038; Werz, H.<\/td>\n<td width=\"40\">32:46<\/td>\n<\/tr>\n<tr>\n<td width=\"50\">1996<\/td>\n<td width=\"130\">3. Zigeunerberglauf<\/td>\n<td width=\"50\">9,9 km<\/td>\n<td width=\"40\">155<\/td>\n<td width=\"125\"><strong>Wischnath, Jennifer<\/strong><\/td>\n<td width=\"40\"><strong>37:48<\/strong><\/td>\n<td width=\"125\">Sagi, Jozef<\/td>\n<td width=\"40\">32:46<\/td>\n<\/tr>\n<tr>\n<td width=\"50\">1997<\/td>\n<td width=\"130\">4. Zigeunerberglauf<\/td>\n<td width=\"50\">9,9 km<\/td>\n<td width=\"40\">153<\/td>\n<td width=\"125\">Jahncke, Cornelia<\/td>\n<td width=\"40\">38:57<\/td>\n<td width=\"125\"><strong>Sagi, Jozef<\/strong><\/td>\n<td width=\"40\"><strong>31:14<\/strong><\/td>\n<\/tr>\n<tr>\n<td width=\"50\">1998<\/td>\n<td width=\"130\">5. Zigeunerberglauf<\/td>\n<td width=\"50\">12,0 km<\/td>\n<td width=\"40\">302<\/td>\n<td width=\"125\">Maiwald, Veronika<\/td>\n<td width=\"40\">46:06<\/td>\n<td width=\"125\">Weber, Hannes<\/td>\n<td width=\"40\">40:20<\/td>\n<\/tr>\n<tr>\n<td width=\"50\">1999<\/td>\n<td width=\"130\">6. Zigeunerberglauf<\/td>\n<td width=\"50\">12,0 km<\/td>\n<td width=\"40\">415<\/td>\n<td width=\"125\">Gottheil, Heike<\/td>\n<td width=\"40\">45:48<\/td>\n<td width=\"125\">Paul, Stefan<\/td>\n<td width=\"40\">40:10<\/td>\n<\/tr>\n<tr>\n<td width=\"50\">2000<\/td>\n<td width=\"130\">7. Zigeunerberglauf<\/td>\n<td width=\"50\">12,0 km<\/td>\n<td width=\"40\">447<\/td>\n<td width=\"125\">Fr\u00f6lich, Sylvia<\/td>\n<td width=\"40\">47:24<\/td>\n<td width=\"125\">Weber, Hannes<\/td>\n<td width=\"40\">39:48<\/td>\n<\/tr>\n<tr>\n<td width=\"50\">2001<\/td>\n<td width=\"130\">8. Zigeunerberglauf<\/td>\n<td width=\"50\">12,0 km<\/td>\n<td width=\"40\">525<\/td>\n<td width=\"125\">Fr\u00f6lich, Sylvia<\/td>\n<td width=\"40\">46:38<\/td>\n<td width=\"125\">Weber, Hannes<\/td>\n<td width=\"40\">39:46<\/td>\n<\/tr>\n<tr>\n<td width=\"50\">2002<\/td>\n<td width=\"130\">9. Zigeunerberglauf<\/td>\n<td width=\"50\">12,0 km<\/td>\n<td width=\"40\">533<\/td>\n<td width=\"125\">Bendig, Anette<\/td>\n<td width=\"40\">47:11<\/td>\n<td width=\"125\">Weber, Hannes<\/td>\n<td width=\"40\">40:32<\/td>\n<\/tr>\n<tr>\n<td width=\"50\">2003<\/td>\n<td width=\"130\">10. Zigeunerberglauf<\/td>\n<td width=\"50\">12,0 km<\/td>\n<td width=\"40\">526<\/td>\n<td width=\"125\">Bendig, Anette<\/td>\n<td width=\"40\">46:48<\/td>\n<td width=\"125\">Weber, Hannes<\/td>\n<td width=\"40\">40:43<\/td>\n<tr>\n<td width=\"50\">2004<\/td>\n<td width=\"130\">11. Zigeunerberglauf<\/td>\n<td width=\"50\">12,0 km<\/td>\n<td width=\"40\">521<\/td>\n<td width=\"125\">Lang, Sigrid<\/td>\n<td width=\"40\">45:42<\/td>\n<td width=\"125\">Franz, Bastian<\/td>\n<td width=\"40\">40:43<\/td>\n<\/tr>\n<tr>\n<td width=\"50\">2005<\/td>\n<td width=\"130\">12. Zigeunerberglauf<\/td>\n<td width=\"50\">12,0 km<\/td>\n<td width=\"40\"><strong>550<\/strong><\/td>\n<td width=\"125\">Fr\u00f6lich, Sylvia<\/td>\n<td width=\"40\">48:05<\/td>\n<td width=\"125\">Franz, Bastian<\/td>\n<td width=\"40\">40:10<\/td>\n<\/tr>\n<tr>\n<td width=\"50\">2006<\/td>\n<td width=\"130\">13. Zigeunerberglauf<\/td>\n<td width=\"50\">12,0 km<\/td>\n<td width=\"40\">482<\/td>\n<td width=\"125\">Vrohlings, Melissa<\/td>\n<td width=\"40\">47:37<\/td>\n<td width=\"125\">Schwab, Andreas<\/td>\n<td width=\"40\">40:30<\/td>\n<\/tr>\n<tr>\n<td width=\"50\">2007<\/td>\n<td width=\"130\">14. Zigeunerberglauf<\/td>\n<td width=\"50\">12,0 km<\/td>\n<td width=\"40\">416<\/td>\n<td width=\"125\">Vrohlings, Melissa<\/td>\n<td width=\"40\">48:46<\/td>\n<td width=\"125\">G\u00f6pfert, Thomas<\/td>\n<td width=\"40\">41:13<\/td>\n<\/tr>\n<tr>\n<td width=\"50\">2008<\/td>\n<td width=\"130\">15. Zigeunerberglauf<\/td>\n<td width=\"50\">12,0 km<\/td>\n<td width=\"40\">432<\/td>\n<td width=\"125\"><strong>Pilz, Christiane<\/strong><\/td>\n<td width=\"40\"><strong>44:45<\/strong><\/td>\n<td width=\"125\"><strong>Pflieger, Philipp<\/strong><\/td>\n<td width=\"40\"><strong>37:40<\/strong><\/td>\n<\/tr>\n<\/tbody>\n<\/table>\n<p><BR><br \/>\n<strong>Die anschliessenden Mondf\u00e4nger-L\u00e4ufe <\/strong><\/p>\n<table border=\"0\" cellspacing=\"2\" cellpadding=\"5\" width=\"600\">\n<tbody>\n<tr>\n<td width=\"30\">Jahr<\/td>\n<td width=\"110\">Lauf<\/td>\n<td width=\"50\">Strecke<\/td>\n<td width=\"40\">Teiln.<\/td>\n<td width=\"125\">Siegerin<\/td>\n<td width=\"40\">Zeit<\/td>\n<td width=\"125\">Sieger<\/td>\n<td width=\"40\">Zeit<\/td>\n<\/tr>\n<tr>\n<td width=\"50\">2009<\/td>\n<td width=\"130\">1. Mondf\u00e4ngerlauf<\/td>\n<td width=\"50\">10 km<\/td>\n<td width=\"40\"><strong>465<\/strong><\/td>\n<td width=\"125\">Pilz, Christiane<\/td>\n<td width=\"40\">35:55<\/td>\n<td width=\"125\">McLoughlin, Cian<\/td>\n<td width=\"40\">31:43<\/td>\n<\/tr>\n<tr>\n<td width=\"50\">2010<\/td>\n<td width=\"130\">2. Mondf\u00e4ngerlauf<\/td>\n<td width=\"50\">10 km<\/td>\n<td width=\"40\">450<\/td>\n<td width=\"125\">Paetzold, Kathrin<\/td>\n<td width=\"40\">37:58<\/td>\n<td width=\"125\">Franz, Bastian<\/td>\n<td width=\"40\">33:53<\/td>\n<\/tr>\n<tr>\n<td width=\"50\">2011<\/td>\n<td width=\"130\">3. Mondf\u00e4ngerlauf<\/td>\n<td width=\"50\">10 km<\/td>\n<td width=\"40\">401<\/td>\n<td width=\"125\">Schw\u00e4r, Sarah<\/td>\n<td width=\"40\">37:11<\/td>\n<td width=\"125\">Franz, Bastian<\/td>\n<td width=\"40\">32:17<\/td>\n<\/tr>\n<tr>\n<td width=\"50\">2012<\/td>\n<td width=\"130\">4. Mondf\u00e4ngerlauf<\/td>\n<td width=\"50\">10 km<\/td>\n<td width=\"40\">393<\/td>\n<td width=\"125\">Hess, Meike<\/td>\n<td width=\"40\">39:03<\/td>\n<td width=\"125\"><strong>Hauber, Markus<\/strong><\/td>\n<td width=\"40\"><strong>31:18<\/strong><\/td>\n<\/tr>\n<tr>\n<td width=\"50\">2013<\/td>\n<td width=\"130\">5. Mondf\u00e4ngerlauf<\/td>\n<td width=\"50\">10 km<\/td>\n<td width=\"40\">385<\/td>\n<td width=\"125\">Moroff, Luisa<\/td>\n<td width=\"40\">40:01<\/td>\n<td width=\"125\">Franz, Bastian<\/td>\n<td width=\"40\">32:45<\/td>\n<\/tr>\n<tr>\n<td width=\"50\">2014<\/td>\n<td width=\"130\">6. Mondf\u00e4ngerlauf<\/td>\n<td width=\"50\">10 km<\/td>\n<td width=\"40\">406<\/td>\n<td width=\"125\">Becker, Katharina<\/td>\n<td width=\"40\">37:59<\/td>\n<td width=\"125\">Bergdolt, Johannes<\/td>\n<td width=\"40\">32:50<\/td>\n<\/tr>\n<tr>\n<td width=\"50\">2015<\/td>\n<td width=\"130\">7. Mondf\u00e4ngerlauf<\/td>\n<td width=\"50\">10 km<\/td>\n<td width=\"40\">392<\/td>\n<td width=\"125\">Zimmerhakl, Isabelle<\/td>\n<td width=\"40\">39:49<\/td>\n<td width=\"125\">Franz, Bastian<\/td>\n<td width=\"40\">32:41<\/td>\n<\/tr>\n<tr>\n<td width=\"50\">2016<\/td>\n<td width=\"130\">8. Mondf\u00e4ngerlauf<\/td>\n<td width=\"50\">10 km<\/td>\n<td width=\"40\">372<\/td>\n<td width=\"125\">Zimmerhakl, Isabelle<\/td>\n<td width=\"40\">40:28<\/td>\n<td width=\"125\">Bergdolt, Johannes<\/td>\n<td width=\"40\">34:42<\/td>\n<\/tr>\n<tr>\n<td width=\"50\">2017<\/td>\n<td width=\"130\">9. Mondf\u00e4ngerlauf<\/td>\n<td width=\"50\">10 km<\/td>\n<td width=\"40\">315<\/td>\n<td width=\"125\">Dermann, Fiona<\/td>\n<td width=\"40\">41:24<\/td>\n<td width=\"125\">Bergdolt, Johannes<\/td>\n<td width=\"40\">32:35<\/td>\n<\/tr>\n<tr>\n<td width=\"50\">2018<\/td>\n<td width=\"130\">10. Mondf\u00e4ngerlauf<\/td>\n<td width=\"50\">10 km<\/td>\n<td width=\"40\">341<\/td>\n<td width=\"125\">Moroff, Luisa<\/td>\n<td width=\"40\">37:55<\/td>\n<td width=\"125\">Meyer, Robert<\/td>\n<td width=\"40\">32:49<\/td>\n<\/tr>\n<tr>\n<td width=\"50\">2019<\/td>\n<td width=\"130\">11. Mondf\u00e4ngerlauf<\/td>\n<td width=\"50\">10 km<\/td>\n<td width=\"40\">295<\/td>\n<td width=\"125\">Moroff, Luisa<\/td>\n<td width=\"40\">40:08<\/td>\n<td width=\"125\">Maurer, Levin<\/td>\n<td width=\"40\">33:32<\/td>\n<\/tr>\n<tr>\n<td width=\"50\">2020<\/td>\n<td width=\"130\">12. Mondf\u00e4ngerlauf<\/td>\n<td width=\"50\">10 km<\/td>\n<td width=\"40\"><\/td>\n<td width=\"125\">&#8211; abgesagt &#8211;<\/td>\n<td width=\"40\"><\/td>\n<td width=\"125\">&#8211; abgesagt &#8211;<\/td>\n<td width=\"40\"><\/td>\n<\/tr>\n<tr>\n<td width=\"50\">2021<\/td>\n<td width=\"130\">12. Mondf\u00e4ngerlauf<\/td>\n<td width=\"50\">10 km<\/td>\n<td width=\"40\"><\/td>\n<td width=\"125\">&#8211; abgesagt &#8211;<\/td>\n<td width=\"40\"><\/td>\n<td width=\"125\">&#8211; abgesagt &#8211;<\/td>\n<td width=\"40\"><\/td>\n<\/tr>\n<tr>\n<td width=\"50\">2022<\/td>\n<td width=\"130\">12. Mondf\u00e4ngerlauf<\/td>\n<td width=\"50\">10 km<\/td>\n<td width=\"40\">200<\/td>\n<td width=\"125\">G\u00f6tza, Marlena<\/td>\n<td width=\"40\">39:38<\/td>\n<td width=\"125\">Burkhardt, Christian<\/td>\n<td width=\"40\">33:35<\/td>\n<\/tr>\n<tr>\n<td width=\"50\">2023<\/td>\n<td width=\"130\">13. Mondf\u00e4ngerlauf<\/td>\n<td width=\"50\">10 km<\/td>\n<td width=\"40\">240<\/td>\n<td width=\"125\">G\u00f6tza, Marlena<\/td>\n<td width=\"40\">40:18<\/td>\n<td width=\"125\">Burkhardt, Christian<\/td>\n<td width=\"40\">33:56<\/td>\n<\/tr>\n<tr>\n<td width=\"50\">2024<\/td>\n<td width=\"130\">14. Mondf\u00e4ngerlauf<\/td>\n<td width=\"50\">10 km<\/td>\n<td width=\"40\">276<\/td>\n<td width=\"125\"><strong>Jaiser, Katharina<\/strong><\/td>\n<td width=\"40\"><strong>35:44<\/strong><\/td>\n<td width=\"125\">Schmid, Hans<\/td>\n<td width=\"40\">33:00<\/td>\n<\/tr>\n<\/tbody>\n<\/table>\n","protected":false},"excerpt":{"rendered":"<p>Zigeunerberglauf &#8230; &#8230; eine feste Gr\u00f6\u00dfe im Volkslaufkalender bis ins Jahr 2008. 1994, kurz nach der Gr\u00fcndung der Abteilung Lauftreff, fand der 1. Kuppinger Zigeunerberglauf statt. Die gelaufene Strecke betrug 9,9 km bei 90 zu bew\u00e4ltigenden H\u00f6henmetern. Start und Ziel befanden sich damals direkt beim Sportheim des TSV Kuppingen. Die historischen Sieger unter den 79 [&hellip;]<\/p>\n","protected":false},"author":3,"featured_media":0,"parent":11,"menu_order":8,"comment_status":"open","ping_status":"open","template":"","meta":{"ngg_post_thumbnail":0,"footnotes":""},"class_list":["post-801","page","type-page","status-publish","hentry"],"_links":{"self":[{"href":"https:\/\/tsvkuppingen.de\/lauftreff\/site\/index.php?rest_route=\/wp\/v2\/pages\/801","targetHints":{"allow":["GET"]}}],"collection":[{"href":"https:\/\/tsvkuppingen.de\/lauftreff\/site\/index.php?rest_route=\/wp\/v2\/pages"}],"about":[{"href":"https:\/\/tsvkuppingen.de\/lauftreff\/site\/index.php?rest_route=\/wp\/v2\/types\/page"}],"author":[{"embeddable":true,"href":"https:\/\/tsvkuppingen.de\/lauftreff\/site\/index.php?rest_route=\/wp\/v2\/users\/3"}],"replies":[{"embeddable":true,"href":"https:\/\/tsvkuppingen.de\/lauftreff\/site\/index.php?rest_route=%2Fwp%2Fv2%2Fcomments&post=801"}],"version-history":[{"count":27,"href":"https:\/\/tsvkuppingen.de\/lauftreff\/site\/index.php?rest_route=\/wp\/v2\/pages\/801\/revisions"}],"predecessor-version":[{"id":10605,"href":"https:\/\/tsvkuppingen.de\/lauftreff\/site\/index.php?rest_route=\/wp\/v2\/pages\/801\/revisions\/10605"}],"up":[{"embeddable":true,"href":"https:\/\/tsvkuppingen.de\/lauftreff\/site\/index.php?rest_route=\/wp\/v2\/pages\/11"}],"wp:attachment":[{"href":"https:\/\/tsvkuppingen.de\/lauftreff\/site\/index.php?rest_route=%2Fwp%2Fv2%2Fmedia&parent=801"}],"curies":[{"name":"wp","href":"https:\/\/api.w.org\/{rel}","templated":true}]}}