{"id":8104,"date":"2019-10-18T20:12:32","date_gmt":"2019-10-18T18:12:32","guid":{"rendered":"https:\/\/tsvkuppingen.de\/lauftreff\/site\/?page_id=8104"},"modified":"2019-10-18T20:23:05","modified_gmt":"2019-10-18T18:23:05","slug":"12-10-2019","status":"publish","type":"page","link":"https:\/\/tsvkuppingen.de\/lauftreff\/site\/?page_id=8104","title":{"rendered":"12.10.2019"},"content":{"rendered":"<p><strong>11. Kuppinger Mondf\u00e4ngerlauf \u2013 Einer der besonderen Art<\/strong><\/p>\n<p>Das Wetter war dem Kuppinger Lauftreff heuer ganz besonders wichtig. Auf die Gemeindehalle, die sich derzeit<br \/>\nim Umbau befindet, musste komplett verzichtet werden. Die Lauforganisation und Bewirtung fand komplett im<br \/>\nFreien statt. Mehrere Zelte dienten der Startnummernausgabe, Info und Bewirtung. Bei Regen jedoch h\u00e4tten die<br \/>\nwenigsten der \u00fcber 800 gestarteten L\u00e4uferinnen und L\u00e4ufer dort Unterschlupf gefunden.<br \/>\n\u201eAlles drau\u00dfen ist viel besser\u201c befanden einige G\u00e4ste. Nur die Rote Wurst wurde vermisst\u2026<br \/>\nDie Resonanz der Sportler war durchweg positiv und oft wurde das au\u00dferordentliche, ehrenamtliche Engagement<br \/>\naller Beteiligten bestaunt. Andreas Raff aus Filderstadt, letztes Jahr erstmals am Start, legte den Mondf\u00e4ngerlauf<br \/>\nsogleich als Pflichttermin fest. Und tats\u00e4chlich \u2013 er war auch heuer wieder erfolgreich dabei!<\/p>\n<p><strong>Unschlagbar ! \u2013 Die Stimmungsnestle<\/strong><br \/>\nNeben der Tatsache, dass ein Nachtlauf etwas ganz Besonderes ist, ist auch die Tatsache, dass auf der Strecke<br \/>\nausgelassene Fan-Stimmung herrscht einzigartig. Neu dabei, die Bauwagen Clique um Marco N\u00fcssle. 150 Meter<br \/>\nnach dem Start, erhaben auf dem Wall, machten Sie un\u00fcbersehbar auf sich aufmerksam. Durch sie und die<br \/>\ntraditionellen Nestle der Krone, des Musikvereins, der ev. methodischen Kirche, dem Treff am Eck, dem<br \/>\nF\u00f6rderverein Fu\u00dfball, der ev. Kirchengemeinde und nat\u00fcrlich auch den DJ im Start- und Zielbereich haben wir im<br \/>\nganzen Ort Topp-Stimmung. DAS findet man sonst nur bei Marathon-Veranstaltungen. Auch private Dekorationen<br \/>\nund Beleuchtungen an diversen Streckenabschnitten werden von den L\u00e4ufern wahrgenommen und gesch\u00e4tzt.<br \/>\nHerzlichen Dank an dieser Stelle f\u00fcr die geniale Zusammenarbeit, das pers\u00f6nliche Engagement und das<br \/>\nunkomplizierte Miteinander!<\/p>\n<p><strong>Dank der Helfer und den Sponsoren klappt\u2018s<\/strong><br \/>\nJahr f\u00fcr Jahr greifen die Zahnr\u00e4dchen beim Mondf\u00e4ngerlauf ineinander. Sponsoren unterst\u00fctzen gerne und viele<br \/>\ntreue Helfer bilden ein gro\u00dfartiges Team!<br \/>\nDas gr\u00f6\u00dfte Dankesch\u00f6n geht an alle Helfer des Lauftreffs. Durch den Wegfall der Gemeindehalle war so<br \/>\nmanche Extra-Meile notwendig. Ohne dieses schaffensfrohe Team w\u00e4re ein Lauf dieser Kategorie nicht m\u00f6glich.<br \/>\nDanke auch den FFW Affst\u00e4tt und Kuppingen f\u00fcr die professionelle Ausleuchtung, den Sponsoren f\u00fcr alle Unter-<br \/>\nst\u00fctzung, dem DRK, der Polizei und besonders auch der Stadt Herrenberg.<br \/>\nDanke allen Kuppingern, dass sie sich so mitrei\u00dfen und begeistern lassen. Danke ebenfalls f\u00fcr das breite<br \/>\nVerst\u00e4ndnis, dass der Lauftreff einmal im Jahr f\u00fcr 2 Stunden den Flecken zur autofreien Zone macht. Wir wissen,<br \/>\ndass das nicht immer einfach ist und sind sehr dankbar f\u00fcr alle Unterst\u00fctzung!<\/p>\n<p><strong>Ein L\u00e4uferbandwurm zog sich durch Kuppingen<\/strong><br \/>\nUm die 500 L\u00e4uferinnen und L\u00e4ufer starteten um 19:00 Uhr in die Nacht hinein und genossen dieses besondere<br \/>\nFlair. Knapp 300 davon absolvierten dabei die drei Runden und kosteten die Kuppinger Stimmung voll aus.<br \/>\nZwei Siegerinnen konnte der TSV dieses Jahr beim Jedermannlauf \u00fcber 6,7 km verzeichnen. Uta Groeper, sonst<br \/>\ndie TSV-Bergziege, lief als dritte Frau durchs Ziel. Auf Platz eins stand Nikola Kienle, die bereits nach 30:23 min<br \/>\ndie Linie \u00fcberquerte.<\/p>\n","protected":false},"excerpt":{"rendered":"<p>11. Kuppinger Mondf\u00e4ngerlauf \u2013 Einer der besonderen Art Das Wetter war dem Kuppinger Lauftreff heuer ganz besonders wichtig. Auf die Gemeindehalle, die sich derzeit im Umbau befindet, musste komplett verzichtet werden. Die Lauforganisation und Bewirtung fand komplett im Freien statt. Mehrere Zelte dienten der Startnummernausgabe, Info und Bewirtung. Bei Regen jedoch h\u00e4tten die wenigsten der [&hellip;]<\/p>\n","protected":false},"author":4,"featured_media":0,"parent":32,"menu_order":99135000,"comment_status":"open","ping_status":"open","template":"","meta":{"ngg_post_thumbnail":0,"footnotes":""},"class_list":["post-8104","page","type-page","status-publish","hentry"],"_links":{"self":[{"href":"https:\/\/tsvkuppingen.de\/lauftreff\/site\/index.php?rest_route=\/wp\/v2\/pages\/8104","targetHints":{"allow":["GET"]}}],"collection":[{"href":"https:\/\/tsvkuppingen.de\/lauftreff\/site\/index.php?rest_route=\/wp\/v2\/pages"}],"about":[{"href":"https:\/\/tsvkuppingen.de\/lauftreff\/site\/index.php?rest_route=\/wp\/v2\/types\/page"}],"author":[{"embeddable":true,"href":"https:\/\/tsvkuppingen.de\/lauftreff\/site\/index.php?rest_route=\/wp\/v2\/users\/4"}],"replies":[{"embeddable":true,"href":"https:\/\/tsvkuppingen.de\/lauftreff\/site\/index.php?rest_route=%2Fwp%2Fv2%2Fcomments&post=8104"}],"version-history":[{"count":15,"href":"https:\/\/tsvkuppingen.de\/lauftreff\/site\/index.php?rest_route=\/wp\/v2\/pages\/8104\/revisions"}],"predecessor-version":[{"id":8591,"href":"https:\/\/tsvkuppingen.de\/lauftreff\/site\/index.php?rest_route=\/wp\/v2\/pages\/8104\/revisions\/8591"}],"up":[{"embeddable":true,"href":"https:\/\/tsvkuppingen.de\/lauftreff\/site\/index.php?rest_route=\/wp\/v2\/pages\/32"}],"wp:attachment":[{"href":"https:\/\/tsvkuppingen.de\/lauftreff\/site\/index.php?rest_route=%2Fwp%2Fv2%2Fmedia&parent=8104"}],"curies":[{"name":"wp","href":"https:\/\/api.w.org\/{rel}","templated":true}]}}