{"id":846,"date":"2009-08-20T16:55:28","date_gmt":"2009-08-20T14:55:28","guid":{"rendered":"http:\/\/tsvkuppingen.de\/lauftreff\/site\/?page_id=846"},"modified":"2016-10-22T22:03:58","modified_gmt":"2016-10-22T20:03:58","slug":"fuessen","status":"publish","type":"page","link":"https:\/\/tsvkuppingen.de\/lauftreff\/site\/?page_id=846","title":{"rendered":"26.07.2009"},"content":{"rendered":"<p><strong>9.\u00a0Suunto-Salomon-K\u00f6nigschl\u00f6sser-Romantikhalbmarathon in F\u00fcssen<\/strong><\/p>\n<p><strong><span style=\"font-weight: normal;\">Die flache Strecke f\u00fchrt vom Startgel\u00e4nde an der Kemptener Stra\u00dfe zum \u201eTal der Sinne&#8220;, vorbei am Obersee und Mittersee, am Lech entlang auf die Romantische Stra\u00dfe und dann wieder in die F\u00fcssener Innenstadt. Der Rundkurs ist dreimal zu durchlaufen,&#8220;\u00a0so die offizielle\u00a0Streckenbeschreibung. Nach\u00a0der 1. Runde war klar: mit einer Bestzeit wirds heute nichts, erinnerte der Kurs doch stark an unseren Herrenberger Altstadtlauf mit einem\u00a04 km langen Ausflug\u00a0zu den\u00a0Sch\u00f6nheiten der Natur. St\u00e4ndige Richtungswechsel und kurze Steigungen bis 12% forderten ihren Tribut, nach der\u00a01. Runde in gut 30\u00a0min war das Ziel unter 1:30 Std. zu\u00a0laufen.\u00a0Im Windschatten des\u00a0weiblichen Spitzentrios an\u00a0dem ich\u00a0unbedingt &#8222;dranbleiben&#8220; wollte und\u00a0dank der Anfeuerung u. a. durch den\u00a0Ex-Finanzminister Theo Waigel samt Gattin, gelang dies knapp.\u00a0Leider wurde es beim 2. HM dieses Jahr wieder nur der 2. AK-Platz, einem Konkurrenten aus S\u00fc\u00dfen gelang\u00a037 sek vor mir inmitten des Damen-Trios zu finishen.<\/span><\/strong><\/p>\n<p style=\"text-align: right;\">Wolfgang Eckl<\/p>\n","protected":false},"excerpt":{"rendered":"<p>9.\u00a0Suunto-Salomon-K\u00f6nigschl\u00f6sser-Romantikhalbmarathon in F\u00fcssen Die flache Strecke f\u00fchrt vom Startgel\u00e4nde an der Kemptener Stra\u00dfe zum \u201eTal der Sinne&#8220;, vorbei am Obersee und Mittersee, am Lech entlang auf die Romantische Stra\u00dfe und dann wieder in die F\u00fcssener Innenstadt. Der Rundkurs ist dreimal zu durchlaufen,&#8220;\u00a0so die offizielle\u00a0Streckenbeschreibung. Nach\u00a0der 1. Runde war klar: mit einer Bestzeit wirds heute nichts, [&hellip;]<\/p>\n","protected":false},"author":2,"featured_media":0,"parent":32,"menu_order":99870000,"comment_status":"open","ping_status":"open","template":"","meta":{"ngg_post_thumbnail":0,"footnotes":""},"class_list":["post-846","page","type-page","status-publish","hentry"],"_links":{"self":[{"href":"https:\/\/tsvkuppingen.de\/lauftreff\/site\/index.php?rest_route=\/wp\/v2\/pages\/846","targetHints":{"allow":["GET"]}}],"collection":[{"href":"https:\/\/tsvkuppingen.de\/lauftreff\/site\/index.php?rest_route=\/wp\/v2\/pages"}],"about":[{"href":"https:\/\/tsvkuppingen.de\/lauftreff\/site\/index.php?rest_route=\/wp\/v2\/types\/page"}],"author":[{"embeddable":true,"href":"https:\/\/tsvkuppingen.de\/lauftreff\/site\/index.php?rest_route=\/wp\/v2\/users\/2"}],"replies":[{"embeddable":true,"href":"https:\/\/tsvkuppingen.de\/lauftreff\/site\/index.php?rest_route=%2Fwp%2Fv2%2Fcomments&post=846"}],"version-history":[{"count":9,"href":"https:\/\/tsvkuppingen.de\/lauftreff\/site\/index.php?rest_route=\/wp\/v2\/pages\/846\/revisions"}],"predecessor-version":[{"id":5267,"href":"https:\/\/tsvkuppingen.de\/lauftreff\/site\/index.php?rest_route=\/wp\/v2\/pages\/846\/revisions\/5267"}],"up":[{"embeddable":true,"href":"https:\/\/tsvkuppingen.de\/lauftreff\/site\/index.php?rest_route=\/wp\/v2\/pages\/32"}],"wp:attachment":[{"href":"https:\/\/tsvkuppingen.de\/lauftreff\/site\/index.php?rest_route=%2Fwp%2Fv2%2Fmedia&parent=846"}],"curies":[{"name":"wp","href":"https:\/\/api.w.org\/{rel}","templated":true}]}}