{"id":85,"date":"2009-05-11T21:46:06","date_gmt":"2009-05-11T19:46:06","guid":{"rendered":"http:\/\/tsvkuppingen.de\/lauftreff\/site\/?page_id=85"},"modified":"2021-01-10T11:21:02","modified_gmt":"2021-01-10T10:21:02","slug":"wettkampf","status":"publish","type":"page","link":"https:\/\/tsvkuppingen.de\/lauftreff\/site\/?page_id=85","title":{"rendered":"Wettkampf"},"content":{"rendered":"<p>Obgleich der Lauftreff eine breitensportliche Ausrichtung hat, sind f\u00fcr den TSV Kuppingen fast an jedem Wochenende <strong>Wettk\u00e4mpfer<\/strong> unterwegs.<\/p>\n<p>Alle unter \u201e<strong>TSV Kuppingen<\/strong>\u201c startenden L\u00e4ufer*innen werden f\u00fcr die L\u00e4ufe des von uns empfohlenen Kalenders automatisch f\u00fcr die <a href='https:\/\/tsvkuppingen.de\/lauftreff\/site\/?page_id=87' >Vereinsstatistik<\/a> erfasst.<\/p>\n<p>Bei Teilnahmen an \u201e<strong>exotischen<\/strong>\u201c L\u00e4ufen muss zur Erfassung eine Mail an <a href=\"mailto:georg-eichler@outlook.com\">Georg Eichler<\/a> geschrieben werden. <strong>Folgende Daten m\u00fcssen enthalten sein<\/strong>:<\/p>\n<ul>\n<li><strong>Ort und Datum des Laufes<\/strong><\/li>\n<li><strong>Distanz<\/strong><\/li>\n<li><strong>Platzierung Gesamt<\/strong><\/li>\n<li><strong>Platzierung Altersklasse (und welche!)<\/strong><\/li>\n<li><strong>Link zur offiziellen Ergebnisliste<\/strong><\/li>\n<\/ul>\n","protected":false},"excerpt":{"rendered":"<p>Obgleich der Lauftreff eine breitensportliche Ausrichtung hat, sind f\u00fcr den TSV Kuppingen fast an jedem Wochenende Wettk\u00e4mpfer unterwegs. Alle unter \u201eTSV Kuppingen\u201c startenden L\u00e4ufer*innen werden f\u00fcr die L\u00e4ufe des von uns empfohlenen Kalenders automatisch f\u00fcr die Vereinsstatistik erfasst. Bei Teilnahmen an \u201eexotischen\u201c L\u00e4ufen muss zur Erfassung eine Mail an Georg Eichler geschrieben werden. Folgende Daten [&hellip;]<\/p>\n","protected":false},"author":1,"featured_media":0,"parent":0,"menu_order":5,"comment_status":"open","ping_status":"open","template":"","meta":{"ngg_post_thumbnail":0,"footnotes":""},"class_list":["post-85","page","type-page","status-publish","hentry"],"_links":{"self":[{"href":"https:\/\/tsvkuppingen.de\/lauftreff\/site\/index.php?rest_route=\/wp\/v2\/pages\/85","targetHints":{"allow":["GET"]}}],"collection":[{"href":"https:\/\/tsvkuppingen.de\/lauftreff\/site\/index.php?rest_route=\/wp\/v2\/pages"}],"about":[{"href":"https:\/\/tsvkuppingen.de\/lauftreff\/site\/index.php?rest_route=\/wp\/v2\/types\/page"}],"author":[{"embeddable":true,"href":"https:\/\/tsvkuppingen.de\/lauftreff\/site\/index.php?rest_route=\/wp\/v2\/users\/1"}],"replies":[{"embeddable":true,"href":"https:\/\/tsvkuppingen.de\/lauftreff\/site\/index.php?rest_route=%2Fwp%2Fv2%2Fcomments&post=85"}],"version-history":[{"count":14,"href":"https:\/\/tsvkuppingen.de\/lauftreff\/site\/index.php?rest_route=\/wp\/v2\/pages\/85\/revisions"}],"predecessor-version":[{"id":8558,"href":"https:\/\/tsvkuppingen.de\/lauftreff\/site\/index.php?rest_route=\/wp\/v2\/pages\/85\/revisions\/8558"}],"wp:attachment":[{"href":"https:\/\/tsvkuppingen.de\/lauftreff\/site\/index.php?rest_route=%2Fwp%2Fv2%2Fmedia&parent=85"}],"curies":[{"name":"wp","href":"https:\/\/api.w.org\/{rel}","templated":true}]}}