{"id":851,"date":"2009-08-20T17:20:26","date_gmt":"2009-08-20T15:20:26","guid":{"rendered":"http:\/\/tsvkuppingen.de\/lauftreff\/site\/?page_id=851"},"modified":"2019-09-20T22:48:53","modified_gmt":"2019-09-20T20:48:53","slug":"mannheim","status":"publish","type":"page","link":"https:\/\/tsvkuppingen.de\/lauftreff\/site\/?page_id=851","title":{"rendered":"09.05.2009"},"content":{"rendered":"<p style=\"margin-bottom: 0cm;\"><span style=\"font-size: small;\"><strong>MLP D\u00e4mmermarathon Mannheim<\/strong><\/span><\/p>\n<p style=\"margin-bottom: 0cm;\">\u2026wenn einer eine Reise tut dann kann er was erz\u00e4hlen, wieder einmal war der Lauftreff des TSV Kuppingen bei einem Lauf-Event, diesmal beim D\u00e4mmermarathon in Mannheim am Samstag den 09. Mai. Gegen 13.30 wurde mit 55 Personen in Kuppingen mit dem Bus gestartet, ungef\u00e4hr 2 Stunden sp\u00e4ter wurde die Rhein-Neckar Region erreicht. Der TSV war in allen Laufwettbewerben vertreten.<\/p>\n<p style=\"margin-bottom: 0cm;\">Bei schw\u00fclwarmen Wetter mussten einige L\u00e4ufer den schwierigen Bedingungen Tribut zollen, darunter auch Teilnehmer des TSV. Da dieser Marathon die M\u00f6glichkeit bot bei der Halbmarathonmarke mit Wertung auszusteigen, wurde dieses Angebot teilweise genutzt. Der Marathon f\u00fchrte in der ersten Runde (Halbmarathon) durch Mannheim, die zweite H\u00e4lfte wurde dann Richtung Ludwigshafen gef\u00fchrt, dabei hatte dieser Marathon den  besonderen Reiz eines Nachtlaufes, mit stimmungsvoller Beleuchtung an der Strecke und im Ziel am Wasserturm.  Besonders freuen konnten sich einige Halbmarathonis \u00fcber Altersklassensiege bzw. Podiumpl\u00e4tze. Gegen 1:00 am Sonntagmorgen konnte die gesamte L\u00e4uferschar weitgehend unbeschadet nach Kuppingen zur\u00fcckreisen.<\/p>\n<p style=\"margin-bottom: 0cm; text-align: right;\">Isolde Weisse<\/p>\n<p style=\"margin-bottom: 0cm; text-align: left;\"><a href=\"https:\/\/tsvkuppingen.de\/lauftreff\/site\/?page_id=354&amp;album=all&amp;gallery=10\">Bilder<\/a><\/p>\n","protected":false},"excerpt":{"rendered":"<p>MLP D\u00e4mmermarathon Mannheim \u2026wenn einer eine Reise tut dann kann er was erz\u00e4hlen, wieder einmal war der Lauftreff des TSV Kuppingen bei einem Lauf-Event, diesmal beim D\u00e4mmermarathon in Mannheim am Samstag den 09. Mai. Gegen 13.30 wurde mit 55 Personen in Kuppingen mit dem Bus gestartet, ungef\u00e4hr 2 Stunden sp\u00e4ter wurde die Rhein-Neckar Region erreicht. [&hellip;]<\/p>\n","protected":false},"author":2,"featured_media":0,"parent":32,"menu_order":99980000,"comment_status":"open","ping_status":"open","template":"","meta":{"ngg_post_thumbnail":0,"footnotes":""},"class_list":["post-851","page","type-page","status-publish","hentry"],"_links":{"self":[{"href":"https:\/\/tsvkuppingen.de\/lauftreff\/site\/index.php?rest_route=\/wp\/v2\/pages\/851","targetHints":{"allow":["GET"]}}],"collection":[{"href":"https:\/\/tsvkuppingen.de\/lauftreff\/site\/index.php?rest_route=\/wp\/v2\/pages"}],"about":[{"href":"https:\/\/tsvkuppingen.de\/lauftreff\/site\/index.php?rest_route=\/wp\/v2\/types\/page"}],"author":[{"embeddable":true,"href":"https:\/\/tsvkuppingen.de\/lauftreff\/site\/index.php?rest_route=\/wp\/v2\/users\/2"}],"replies":[{"embeddable":true,"href":"https:\/\/tsvkuppingen.de\/lauftreff\/site\/index.php?rest_route=%2Fwp%2Fv2%2Fcomments&post=851"}],"version-history":[{"count":10,"href":"https:\/\/tsvkuppingen.de\/lauftreff\/site\/index.php?rest_route=\/wp\/v2\/pages\/851\/revisions"}],"predecessor-version":[{"id":7985,"href":"https:\/\/tsvkuppingen.de\/lauftreff\/site\/index.php?rest_route=\/wp\/v2\/pages\/851\/revisions\/7985"}],"up":[{"embeddable":true,"href":"https:\/\/tsvkuppingen.de\/lauftreff\/site\/index.php?rest_route=\/wp\/v2\/pages\/32"}],"wp:attachment":[{"href":"https:\/\/tsvkuppingen.de\/lauftreff\/site\/index.php?rest_route=%2Fwp%2Fv2%2Fmedia&parent=851"}],"curies":[{"name":"wp","href":"https:\/\/api.w.org\/{rel}","templated":true}]}}