{"id":93,"date":"2009-05-11T21:46:59","date_gmt":"2009-05-11T19:46:59","guid":{"rendered":"http:\/\/tsvkuppingen.de\/lauftreff\/site\/?page_id=93"},"modified":"2019-09-20T23:00:37","modified_gmt":"2019-09-20T21:00:37","slug":"laufpark","status":"publish","type":"page","link":"https:\/\/tsvkuppingen.de\/lauftreff\/site\/?page_id=93","title":{"rendered":"Laufpark"},"content":{"rendered":"<p><!--:de-->Der <strong>Laufpark<\/strong> des TSV Kuppingen zieht L\u00e4ufer und Walker aus der n\u00e4heren Umgebung an.<\/p>\n<p>Um Einsteigern und G\u00e4sten der Umgebung das <strong>Laufen im Kuppinger Wald<\/strong> zu erleichtern errichtete der Lauftreff 2003 diesen Laufpark.<\/p>\n<p>Ausgangspunkt ist f\u00fcr alle Strecken der <strong>Parkplatz am TSV Sportgel\u00e4nde<\/strong><a href='https:\/\/maps.google.de\/maps?f=d&#038;source=embed&#038;saddr=&#038;daddr=Kuppingen,+TSV Sportanlagen&#038;geocode=FYCf5QIdRWKGAA&#038;hl=de&#038;mra=mr&#038;sll=48.603177,8.806915&#038;sspn=0.015835,0.034976&#038;ie=UTF8&#038;ll=48.605163,8.806829&#038;spn=0.063339,0.139904&#038;z=13'> (Karte)<\/a>.<\/p>\n<p>Angeboten werden <strong>vier Strecken in unterschiedlichen Schwierigkeitsgraden<\/strong>. Die Wegweiser der Strecken sind jeweils <strong>farbig<\/strong> gekennzeichnet und haben zus\u00e4tzlich ein <strong>Tier-Symbol<\/strong> als Erkennung. Ebenfalls enthalten alle Strecken eine Kilometrierung, die ein gezieltes Training erm\u00f6glichen.<\/p>\n<p>Diese vier Strecken stehen zur Verf\u00fcgung:<\/p>\n<table border=\"0\" cellspacing=\"2\" cellpadding=\"5\" width=\"600\">\n<tbody>\n<tr>\n<td width=\"80\" height=\"180\"><a href=\"https:\/\/tsvkuppingen.de\/lauftreff\/site\/wp-content\/uploads\/2009\/05\/Laufpark-blanko-gro\u00df-komplett-Eichh\u00f6rnchenrunde1.jpg\"><img loading=\"lazy\" decoding=\"async\" class=\"alignright size-thumbnail wp-image-734\" title=\"Laufpark-blanko-gro\u00df-komplett-Eichh\u00f6rnchenrunde\" src=\"https:\/\/tsvkuppingen.de\/lauftreff\/site\/wp-content\/uploads\/2009\/05\/Laufpark-blanko-gro\u00df-komplett-Eichh\u00f6rnchenrunde1-150x150.jpg\" alt=\"Laufpark-blanko-gro\u00df-komplett-Eichh\u00f6rnchenrunde\" width=\"150\" height=\"150\" \/><\/a><\/td>\n<td align=\"left\" valign=\"middle\"><strong>Eichh\u00f6rnchen-Runde<\/strong><br \/>\ngr\u00fcn<br \/>\n3,45 km<br \/>\n35 H\u00f6henmeter<\/td>\n<td width=\"80\" height=\"180\"><a href=\"https:\/\/tsvkuppingen.de\/lauftreff\/site\/wp-content\/uploads\/2009\/05\/Laufpark-blanko-gro\u00df-komplett-Hasenrunde.jpg\"><img loading=\"lazy\" decoding=\"async\" class=\"alignright size-thumbnail wp-image-736\" title=\"Laufpark-blanko-gro\u00df-komplett-Hasenrunde\" src=\"https:\/\/tsvkuppingen.de\/lauftreff\/site\/wp-content\/uploads\/2009\/05\/Laufpark-blanko-gro\u00df-komplett-Hasenrunde-150x150.jpg\" alt=\"Laufpark-blanko-gro\u00df-komplett-Hasenrunde\" width=\"150\" height=\"150\" \/><\/a><\/td>\n<td align=\"left\" valign=\"middle\"><strong>Hasen-Runde<\/strong><br \/>\nblau<br \/>\n5,25 km<br \/>\n55 H\u00f6henmeter<\/td>\n<\/tr>\n<tr>\n<td width=\"80\" height=\"180\"><a href=\"https:\/\/tsvkuppingen.de\/lauftreff\/site\/wp-content\/uploads\/2009\/05\/Laufpark-blanko-gro\u00df-komplett-Fuchsrunde.jpg\"><img loading=\"lazy\" decoding=\"async\" class=\"alignright size-thumbnail wp-image-737\" title=\"Laufpark-blanko-gro\u00df-komplett-Fuchsrunde\" src=\"https:\/\/tsvkuppingen.de\/lauftreff\/site\/wp-content\/uploads\/2009\/05\/Laufpark-blanko-gro\u00df-komplett-Fuchsrunde-150x150.jpg\" alt=\"Laufpark-blanko-gro\u00df-komplett-Fuchsrunde\" width=\"150\" height=\"150\" \/><\/a><\/td>\n<td valign=\"middle\"><strong>Fuchs-Runde<\/strong><br \/>\ngelb<br \/>\n7,3 km<br \/>\n110 H\u00f6henmeter<\/td>\n<td width=\"80\" height=\"180\"><a href=\"https:\/\/tsvkuppingen.de\/lauftreff\/site\/wp-content\/uploads\/2009\/05\/Laufpark-blanko-gro\u00df-komplett-Hirschrunde.jpg\"><img loading=\"lazy\" decoding=\"async\" class=\"alignright size-thumbnail wp-image-738\" title=\"Laufpark-blanko-gro\u00df-komplett-Hirschrunde\" src=\"https:\/\/tsvkuppingen.de\/lauftreff\/site\/wp-content\/uploads\/2009\/05\/Laufpark-blanko-gro\u00df-komplett-Hirschrunde-150x150.jpg\" alt=\"Laufpark-blanko-gro\u00df-komplett-Hirschrunde\" width=\"150\" height=\"150\" \/><\/a><\/td>\n<td valign=\"middle\"><strong>Hirsch-Runde<\/strong><br \/>\nrot<br \/>\n9,9 km<br \/>\n135 H\u00f6henmeter<\/td>\n<\/tr>\n<\/tbody>\n<\/table>\n<p><!--:--><!--:en--><a href=\"https:\/\/tsvkuppingen.de\/lauftreff\/site\/wp-content\/uploads\/2009\/05\/\u00dcbersichtstafel-Laufpark.pdf\">\u00dcbersichtstafel-Laufpark<\/a><!--:--><\/p>\n","protected":false},"excerpt":{"rendered":"<p>Der Laufpark des TSV Kuppingen zieht L\u00e4ufer und Walker aus der n\u00e4heren Umgebung an. Um Einsteigern und G\u00e4sten der Umgebung das Laufen im Kuppinger Wald zu erleichtern errichtete der Lauftreff 2003 diesen Laufpark. Ausgangspunkt ist f\u00fcr alle Strecken der Parkplatz am TSV Sportgel\u00e4nde (Karte). Angeboten werden vier Strecken in unterschiedlichen Schwierigkeitsgraden. Die Wegweiser der Strecken [&hellip;]<\/p>\n","protected":false},"author":1,"featured_media":0,"parent":2,"menu_order":5,"comment_status":"open","ping_status":"open","template":"","meta":{"ngg_post_thumbnail":0,"footnotes":""},"class_list":["post-93","page","type-page","status-publish","hentry"],"_links":{"self":[{"href":"https:\/\/tsvkuppingen.de\/lauftreff\/site\/index.php?rest_route=\/wp\/v2\/pages\/93","targetHints":{"allow":["GET"]}}],"collection":[{"href":"https:\/\/tsvkuppingen.de\/lauftreff\/site\/index.php?rest_route=\/wp\/v2\/pages"}],"about":[{"href":"https:\/\/tsvkuppingen.de\/lauftreff\/site\/index.php?rest_route=\/wp\/v2\/types\/page"}],"author":[{"embeddable":true,"href":"https:\/\/tsvkuppingen.de\/lauftreff\/site\/index.php?rest_route=\/wp\/v2\/users\/1"}],"replies":[{"embeddable":true,"href":"https:\/\/tsvkuppingen.de\/lauftreff\/site\/index.php?rest_route=%2Fwp%2Fv2%2Fcomments&post=93"}],"version-history":[{"count":37,"href":"https:\/\/tsvkuppingen.de\/lauftreff\/site\/index.php?rest_route=\/wp\/v2\/pages\/93\/revisions"}],"predecessor-version":[{"id":8004,"href":"https:\/\/tsvkuppingen.de\/lauftreff\/site\/index.php?rest_route=\/wp\/v2\/pages\/93\/revisions\/8004"}],"up":[{"embeddable":true,"href":"https:\/\/tsvkuppingen.de\/lauftreff\/site\/index.php?rest_route=\/wp\/v2\/pages\/2"}],"wp:attachment":[{"href":"https:\/\/tsvkuppingen.de\/lauftreff\/site\/index.php?rest_route=%2Fwp%2Fv2%2Fmedia&parent=93"}],"curies":[{"name":"wp","href":"https:\/\/api.w.org\/{rel}","templated":true}]}}