{"id":9553,"date":"2022-10-14T21:48:42","date_gmt":"2022-10-14T19:48:42","guid":{"rendered":"https:\/\/tsvkuppingen.de\/lauftreff\/site\/?page_id=9553"},"modified":"2022-10-17T23:31:47","modified_gmt":"2022-10-17T21:31:47","slug":"08-10-2022-12-kuppinger-mondfangerlauf","status":"publish","type":"page","link":"https:\/\/tsvkuppingen.de\/lauftreff\/site\/?page_id=9553","title":{"rendered":"08.10.2022"},"content":{"rendered":"<h3> 12. Kuppinger Mondf\u00e4ngerlauf  &#8211;  Die Zwangspause ist beendet <\/h3>\n<p>Unter vollem Mond mit stimmungsvoll untergehender Sonne ist der 12. Kuppinger Mondf\u00e4ngerlauf am 8. Oktober erfolgreich \u00fcber die B\u00fchne gegangen.<\/p>\n<p>Die Resonanz der Sportler war durchweg positiv und oft wurde die aufw\u00e4ndige Organisation und das au\u00dferordentlich hohe ehrenamtliche Engagement aller Beteiligten gelobt.<br \/>\n\u201eDanke f\u00fcr den tollen Lauf gestern. Endlich war mal wieder richtig was los an der Strecke\u201c, so zu lesen im mail von Steffi E. vom Lauftreff Herrenberg, das die Organisation des Kuppinger Lauftreffs sogleich am fr\u00fchen Morgen des Sonntags erreichte.<\/p>\n<p><strong>Unschlagbar! \u2013 Die Stimmungsnestle<\/strong><br \/>\nStimmungs-Ecken bei L\u00e4ufen erleben L\u00e4ufer*innen sonst nur bei Marathon-Wettbewerben\u2026 Die Sportler aus dem G\u00e4u haben das Vergn\u00fcgen direkt vor der Haust\u00fcr! Das wird von den Teilnehmenden und auch dem Lauftreff sehr gesch\u00e4tzt. Auf gut drei Kilometern sechs Mal Party und dann auch noch im Zielkanal\u2026 das macht flotte Beine! Herzlichen Dank an dieser Stelle f\u00fcr die geniale Zusammenarbeit, das pers\u00f6nliche Engagement und das unkomplizierte Miteinander! <\/p>\n<p><strong>Dank der Helfer und der Sponsoren klappt\u2018s<\/strong><br \/>\nJahr f\u00fcr Jahr greifen die Zahnr\u00e4dchen beim Mondf\u00e4ngerlauf ineinander. Sponsoren unterst\u00fctzen gerne und viele treue Helfer bilden ein gro\u00dfartiges Team!<br \/>\nDas gr\u00f6\u00dfte Dankesch\u00f6n geht an alle Helfer des Lauftreffs. Selbst zahlreiche Corona-Erkrankungen konnten durch Extrameilen oder zus\u00e4tzliche Freiwillige ausgeglichen werden. Danke auch an die FFW Affst\u00e4tt und Kuppingen f\u00fcr die professionelle Ausleuchtung, den Sponsoren f\u00fcr alle Unterst\u00fctzung und dem DRK.<\/p>\n<p>Danke allen Kuppinger B\u00fcrgerinnen und B\u00fcrgern, dass sie sich so mitrei\u00dfen und begeistern lassen. Danke ebenfalls f\u00fcr das breit vorhandene Verst\u00e4ndnis, dass die Fahrzeuge an diesem Abend teilweise andere Parkpl\u00e4tze finden m\u00fcssen.<\/p>\n<p><strong>Sehr gute Ergebnisse und hohe Anmeldezahlen<\/strong><br \/>\nFest auf dem Programm steht der Mondf\u00e4ngerlauf bei den Sch\u00fclerinnen und Sch\u00fclern der Jerg-Ratgeb-Realschule. Ab der neunten Klasse m\u00fcssen sie auf die lange Strecke gehen. Gemeinsam mit dem Hauptlauf starten sie in die Nacht hinein und laufen zwei Runden auf der stimmungsvollen Strecke durch den Ort.<\/p>\n<p>Auch die Karl-K\u00fchnle-Grundschule war mit ihren Sch\u00fclerinnen und Sch\u00fclern stark vertreten. Jugendtrainerin Jana Neefe hat die J\u00fcngsten an mehreren Nachmittagen auf den Mondf\u00e4ngerlauf vorbereitet und das Lauffieber entz\u00fcnden k\u00f6nnen. <\/p>\n<p>Mit weit \u00fcber 360 laufenden Kindern und Jugendlichen ist der Lauftreff des TSV sehr zufrieden. Auch die L\u00e4uferinnen und L\u00e4ufer aus den eigenen Reihen waren zahlreich am Start. Malin Kempf, Franziska Pandl und Leon-Moritz Hartmann liefen starke L\u00e4ufe innerhalb ihrer Altersklassen und konnten sich \u00fcber Pl\u00e4tze auf dem Podest freuen.<\/p>\n<p>Nicht unerw\u00e4hnt soll der Bambini-Lauf sein. Ohne Wertung, daf\u00fcr aber mit viel Herzblut gingen die J\u00fcngsten im \u00fcber 140 Teilnehmenden gro\u00dfen Feld beherzt ans Werk. Teils noch mit Windeln und Schnuller am Start und teils schon richtig ambitioniert erfreuen sie nicht nur die eigenen Eltern. Sie zeigen am Schluss stolz die Medaillen und uns allen, dass Laufen Spa\u00df macht und dass nicht nur der Erfolg allein z\u00e4hlt!<\/p>\n<p>Um die 400 L\u00e4uferinnen und L\u00e4ufer starteten um 19:00 Uhr auf die 3 Runden Hauptlauf bzw. auf die 2 Runden Jedermann- und Junior-Lauf.<\/p>\n<p>Als erster \u00fcber die Ziellinie lief in diesem Rennen der f\u00fcr den ASV Ehningen startende Neu-Kuppinger Christian Burkhardt. In 33:35 Min. passierte er bereits die Ziellinie nach 10 km.<\/p>\n","protected":false},"excerpt":{"rendered":"<p>12. Kuppinger Mondf\u00e4ngerlauf &#8211; Die Zwangspause ist beendet Unter vollem Mond mit stimmungsvoll untergehender Sonne ist der 12. Kuppinger Mondf\u00e4ngerlauf am 8. Oktober erfolgreich \u00fcber die B\u00fchne gegangen. Die Resonanz der Sportler war durchweg positiv und oft wurde die aufw\u00e4ndige Organisation und das au\u00dferordentlich hohe ehrenamtliche Engagement aller Beteiligten gelobt. \u201eDanke f\u00fcr den tollen Lauf [&hellip;]<\/p>\n","protected":false},"author":4,"featured_media":0,"parent":32,"menu_order":9913000,"comment_status":"open","ping_status":"open","template":"","meta":{"ngg_post_thumbnail":0,"footnotes":""},"class_list":["post-9553","page","type-page","status-publish","hentry"],"_links":{"self":[{"href":"https:\/\/tsvkuppingen.de\/lauftreff\/site\/index.php?rest_route=\/wp\/v2\/pages\/9553","targetHints":{"allow":["GET"]}}],"collection":[{"href":"https:\/\/tsvkuppingen.de\/lauftreff\/site\/index.php?rest_route=\/wp\/v2\/pages"}],"about":[{"href":"https:\/\/tsvkuppingen.de\/lauftreff\/site\/index.php?rest_route=\/wp\/v2\/types\/page"}],"author":[{"embeddable":true,"href":"https:\/\/tsvkuppingen.de\/lauftreff\/site\/index.php?rest_route=\/wp\/v2\/users\/4"}],"replies":[{"embeddable":true,"href":"https:\/\/tsvkuppingen.de\/lauftreff\/site\/index.php?rest_route=%2Fwp%2Fv2%2Fcomments&post=9553"}],"version-history":[{"count":15,"href":"https:\/\/tsvkuppingen.de\/lauftreff\/site\/index.php?rest_route=\/wp\/v2\/pages\/9553\/revisions"}],"predecessor-version":[{"id":9566,"href":"https:\/\/tsvkuppingen.de\/lauftreff\/site\/index.php?rest_route=\/wp\/v2\/pages\/9553\/revisions\/9566"}],"up":[{"embeddable":true,"href":"https:\/\/tsvkuppingen.de\/lauftreff\/site\/index.php?rest_route=\/wp\/v2\/pages\/32"}],"wp:attachment":[{"href":"https:\/\/tsvkuppingen.de\/lauftreff\/site\/index.php?rest_route=%2Fwp%2Fv2%2Fmedia&parent=9553"}],"curies":[{"name":"wp","href":"https:\/\/api.w.org\/{rel}","templated":true}]}}