{"id":97,"date":"2009-05-11T21:47:46","date_gmt":"2009-05-11T19:47:46","guid":{"rendered":"http:\/\/tsvkuppingen.de\/lauftreff\/site\/?page_id=97"},"modified":"2019-09-20T23:04:02","modified_gmt":"2019-09-20T21:04:02","slug":"2008","status":"publish","type":"page","link":"https:\/\/tsvkuppingen.de\/lauftreff\/site\/?page_id=97","title":{"rendered":"Wettkampf-Kalender"},"content":{"rendered":"<p>Nahezu an jedem Wochenende finden Wettk\u00e4mpfe \u00fcberall in Deutschland statt. Der W\u00fcrttembergische Leichtathltik-Verband e.V. erstellt jedes Jahr eine Brosch\u00fcre, welche die <strong>Volksl\u00e4ufe und Meisterschaften f\u00fcr diese Region<\/strong> auflistet (Laufkalender Baden-W\u00fcrttemberg). Diesen Kalender verteilen wir zu Jahresbeginn innerhalb des Lauftreffs.<\/p>\n<p>Der Lauftreff Kuppingen ist bei vielen dieser <strong>Wettk\u00e4mpfe<\/strong> vertreten und hat einen Auszug der L\u00e4ufe erstellt, die wir <strong>empfehlen<\/strong> k\u00f6nnen.<\/p>\n<p><a href='https:\/\/tsvkuppingen.de\/lauftreff\/site\/wp-content\/uploads\/2018\/01\/L\u00e4ufe2018.pdf'>L\u00e4ufe 2018<\/a>  oder  <a href='https:\/\/tsvkuppingen.de\/lauftreff\/site\/wp-content\/uploads\/2018\/01\/Lauf-kalender-2018.pdf'>Hagens erweiterter Wettkampf-Kalender 2018<\/a><br \/>\n<a href='https:\/\/tsvkuppingen.de\/lauftreff\/site\/wp-content\/uploads\/2017\/01\/L\u00e4ufe2017.pdf'>L\u00e4ufe 2017<\/a><br \/>\n<a href='https:\/\/tsvkuppingen.de\/lauftreff\/site\/wp-content\/uploads\/2009\/05\/L\u00e4ufe2016.pdf'>L\u00e4ufe 2016<\/a><br \/>\n<a href='https:\/\/tsvkuppingen.de\/lauftreff\/site\/wp-content\/uploads\/2014\/12\/L\u00e4ufe2015.pdf'>L\u00e4ufe 2015<\/a><br \/>\n<a href='https:\/\/tsvkuppingen.de\/lauftreff\/site\/wp-content\/uploads\/2009\/05\/L\u00e4ufe2014.pdf'>L\u00e4ufe 2014<\/a><br \/>\n<a href='https:\/\/tsvkuppingen.de\/lauftreff\/site\/wp-content\/uploads\/2009\/05\/L\u00e4ufe2013.pdf'>L\u00e4ufe 2013<\/a><br \/>\n<a href='https:\/\/tsvkuppingen.de\/lauftreff\/site\/wp-content\/uploads\/2009\/05\/L\u00e4ufe2012.pdf'>L\u00e4ufe 2012<\/a><br \/>\n<a href='https:\/\/tsvkuppingen.de\/lauftreff\/site\/wp-content\/uploads\/2009\/05\/L\u00e4ufe2011.pdf'>L\u00e4ufe 2011<\/a><br \/>\n<a href='https:\/\/tsvkuppingen.de\/lauftreff\/site\/wp-content\/uploads\/2009\/12\/L\u00e4ufe2010.pdf'>L\u00e4ufe 2010<\/a><\/p>\n<p>Wer Interesse an einem <strong>WLV-Laufkalender<\/strong> hat kann diesen beim <strong>W<\/strong>\u00fcrttembergischen <strong>L<\/strong>eichtathletik <strong>V<\/strong>erband anfordern: <a href=\"https:\/\/www.wlv-sport.de\/\">www.wlv-sport.de<\/a><\/p>\n","protected":false},"excerpt":{"rendered":"<p>Nahezu an jedem Wochenende finden Wettk\u00e4mpfe \u00fcberall in Deutschland statt. Der W\u00fcrttembergische Leichtathltik-Verband e.V. erstellt jedes Jahr eine Brosch\u00fcre, welche die Volksl\u00e4ufe und Meisterschaften f\u00fcr diese Region auflistet (Laufkalender Baden-W\u00fcrttemberg). Diesen Kalender verteilen wir zu Jahresbeginn innerhalb des Lauftreffs. Der Lauftreff Kuppingen ist bei vielen dieser Wettk\u00e4mpfe vertreten und hat einen Auszug der L\u00e4ufe erstellt, [&hellip;]<\/p>\n","protected":false},"author":1,"featured_media":0,"parent":85,"menu_order":0,"comment_status":"open","ping_status":"open","template":"","meta":{"ngg_post_thumbnail":0,"footnotes":""},"class_list":["post-97","page","type-page","status-publish","hentry"],"_links":{"self":[{"href":"https:\/\/tsvkuppingen.de\/lauftreff\/site\/index.php?rest_route=\/wp\/v2\/pages\/97","targetHints":{"allow":["GET"]}}],"collection":[{"href":"https:\/\/tsvkuppingen.de\/lauftreff\/site\/index.php?rest_route=\/wp\/v2\/pages"}],"about":[{"href":"https:\/\/tsvkuppingen.de\/lauftreff\/site\/index.php?rest_route=\/wp\/v2\/types\/page"}],"author":[{"embeddable":true,"href":"https:\/\/tsvkuppingen.de\/lauftreff\/site\/index.php?rest_route=\/wp\/v2\/users\/1"}],"replies":[{"embeddable":true,"href":"https:\/\/tsvkuppingen.de\/lauftreff\/site\/index.php?rest_route=%2Fwp%2Fv2%2Fcomments&post=97"}],"version-history":[{"count":30,"href":"https:\/\/tsvkuppingen.de\/lauftreff\/site\/index.php?rest_route=\/wp\/v2\/pages\/97\/revisions"}],"predecessor-version":[{"id":8010,"href":"https:\/\/tsvkuppingen.de\/lauftreff\/site\/index.php?rest_route=\/wp\/v2\/pages\/97\/revisions\/8010"}],"up":[{"embeddable":true,"href":"https:\/\/tsvkuppingen.de\/lauftreff\/site\/index.php?rest_route=\/wp\/v2\/pages\/85"}],"wp:attachment":[{"href":"https:\/\/tsvkuppingen.de\/lauftreff\/site\/index.php?rest_route=%2Fwp%2Fv2%2Fmedia&parent=97"}],"curies":[{"name":"wp","href":"https:\/\/api.w.org\/{rel}","templated":true}]}}