{"id":9914,"date":"2023-10-18T14:50:34","date_gmt":"2023-10-18T12:50:34","guid":{"rendered":"https:\/\/tsvkuppingen.de\/lauftreff\/site\/?page_id=9914"},"modified":"2024-03-11T00:07:23","modified_gmt":"2024-03-10T23:07:23","slug":"14-10-2023","status":"publish","type":"page","link":"https:\/\/tsvkuppingen.de\/lauftreff\/site\/?page_id=9914","title":{"rendered":"14.10.2023"},"content":{"rendered":"<h3> 13. Kuppinger Mondf\u00e4ngerlauf \u2013 ein Spektakel f\u00fcr Gro\u00df und Klein <\/h3>\n<p><strong>Es wuselte auf ein Neues im ganzen Ort!<\/strong><br \/>\nDie Voranmeldezahlen lie\u00dfen es erahnen \u2013 bereits bei den Bambini und<br \/>\nSch\u00fclerl\u00e4ufen sollte es Teilnehmerrekorde geben.<br \/>\nDass jedoch auch im Haupt- und Jedermannlauf die Schlange am Nachmelde-<br \/>\nSchalter nicht enden wollte, damit hatten die Organisatoren des Lauftreffs nicht<br \/>\ngerechnet. Zudem das Wetter noch w\u00e4hrend des Aufbaus alles andere als einladend<br \/>\naussah. Mit fast <strong>900 Teilnehmer*innen<\/strong> \u00fcber alle Wettbewerbe waren die<br \/>\nVerantwortlichen um Clivia Schuker und Erich Kienle mehr als zufrieden.<br \/>\nUnd just zum Start der Kleinsten feierte die Sonne dann auch ihr Comeback; einem<br \/>\nstrahlenden Laufabend stand nichts mehr im Wege!<br \/>\nDie Resonanz der Sportler*innen war durchweg positiv, die liebevolle und<br \/>\naufw\u00e4ndige Organisation sowie das au\u00dferordentlich hohe ehrenamtliche<br \/>\nEngagement aller Beteiligten, wurden vielfach gelobt.<\/p>\n<p><strong>\u201eKuppingen ist einfach der sch\u00f6nste und auch der stimmungsvollste Lauf des<br \/>\nSch\u00f6nbuch Cups<\/strong>\u201c attestiert der in Kuppingen lebende <strong>Christian Burkhardt<\/strong>. Und<br \/>\ngenau er muss es wissen. Er hatte bereits vier von sechs L\u00e4ufen der Serie hinter sich<br \/>\nund stand vor dem Mondf\u00e4ngerlauf schon als Cup-Sieger fest.<\/p>\n<p><strong>Eine Besonderheit \u2013 Die Stimmungsnestle<\/strong><br \/>\nGenau diese machen unseren Lauf so reizvoll\u2026 Freundeskreise, die Kirchen,<br \/>\nVereine \u2013 alle tragen zum Erfolg bei. Es ist eine vorbildhafte Zusammenarbeit, von<br \/>\nder mancherorts nur getr\u00e4umt wird. Herzlichen Dank an dieser Stelle an alle<br \/>\nStimmungsnestle!<\/p>\n<p><strong>Unschlagbar \u2013 Das Helferteam<\/strong><br \/>\nSponsoren, die FFW Affst\u00e4tt und Kuppingen und das DRK unterst\u00fctzen den Lauftreff<br \/>\nJahr um Jahr, daf\u00fcr ein herzliches Dankesch\u00f6n!<br \/>\nDas gr\u00f6\u00dfte Dankesch\u00f6n geht an die weit \u00fcber 50 Helfer*innen des Lauftreffs. Jede*r<br \/>\nkennt seinen Verantwortungsbereich, denkt und schafft mit und tr\u00e4gt zum riesigen<br \/>\nErfolg des Mondf\u00e4ngerlaufes bei.<\/p>\n<p><strong>Der Nachwuchs l\u00e4uft<\/strong><br \/>\nSeit vielen Jahren steht der Mondf\u00e4ngerlauf bei den Sportklassen der Jerg Ratgeb<br \/>\nRealschule auf dem Stundenplan. Dass sie ordentlich was draufhaben, stellten sie in<br \/>\nKuppingen abermals unter Beweis.<br \/>\nIn diesem Jahr waren die Grundschulen Oberjesingen und Kuppingen bei den<br \/>\nSch\u00fclerl\u00e4ufen ebenfalls stark vertreten. Lasse Galli absolviert sein Freiwilliges<br \/>\nSoziales Jahr an der Kuppinger Karl-K\u00fchnle-Grundschule und hat die Organisation<br \/>\nund das Training mit dem Nachwuchs in die Hand genommen. Super Sache!<br \/>\nFast die H\u00e4lfte aller Finisher starteten bei den Bambini und Sch\u00fclerl\u00e4ufen \u2013 das l\u00e4sst<br \/>\nauf einen motivierten L\u00e4ufernachswuchs hoffen!<\/p>\n","protected":false},"excerpt":{"rendered":"<p>13. Kuppinger Mondf\u00e4ngerlauf \u2013 ein Spektakel f\u00fcr Gro\u00df und Klein Es wuselte auf ein Neues im ganzen Ort! Die Voranmeldezahlen lie\u00dfen es erahnen \u2013 bereits bei den Bambini und Sch\u00fclerl\u00e4ufen sollte es Teilnehmerrekorde geben. Dass jedoch auch im Haupt- und Jedermannlauf die Schlange am Nachmelde- Schalter nicht enden wollte, damit hatten die Organisatoren des Lauftreffs [&hellip;]<\/p>\n","protected":false},"author":4,"featured_media":0,"parent":32,"menu_order":9911000,"comment_status":"open","ping_status":"open","template":"","meta":{"ngg_post_thumbnail":0,"footnotes":""},"class_list":["post-9914","page","type-page","status-publish","hentry"],"_links":{"self":[{"href":"https:\/\/tsvkuppingen.de\/lauftreff\/site\/index.php?rest_route=\/wp\/v2\/pages\/9914","targetHints":{"allow":["GET"]}}],"collection":[{"href":"https:\/\/tsvkuppingen.de\/lauftreff\/site\/index.php?rest_route=\/wp\/v2\/pages"}],"about":[{"href":"https:\/\/tsvkuppingen.de\/lauftreff\/site\/index.php?rest_route=\/wp\/v2\/types\/page"}],"author":[{"embeddable":true,"href":"https:\/\/tsvkuppingen.de\/lauftreff\/site\/index.php?rest_route=\/wp\/v2\/users\/4"}],"replies":[{"embeddable":true,"href":"https:\/\/tsvkuppingen.de\/lauftreff\/site\/index.php?rest_route=%2Fwp%2Fv2%2Fcomments&post=9914"}],"version-history":[{"count":8,"href":"https:\/\/tsvkuppingen.de\/lauftreff\/site\/index.php?rest_route=\/wp\/v2\/pages\/9914\/revisions"}],"predecessor-version":[{"id":10015,"href":"https:\/\/tsvkuppingen.de\/lauftreff\/site\/index.php?rest_route=\/wp\/v2\/pages\/9914\/revisions\/10015"}],"up":[{"embeddable":true,"href":"https:\/\/tsvkuppingen.de\/lauftreff\/site\/index.php?rest_route=\/wp\/v2\/pages\/32"}],"wp:attachment":[{"href":"https:\/\/tsvkuppingen.de\/lauftreff\/site\/index.php?rest_route=%2Fwp%2Fv2%2Fmedia&parent=9914"}],"curies":[{"name":"wp","href":"https:\/\/api.w.org\/{rel}","templated":true}]}}