{"id":9980,"date":"2024-01-19T22:57:09","date_gmt":"2024-01-19T21:57:09","guid":{"rendered":"https:\/\/tsvkuppingen.de\/lauftreff\/site\/?page_id=9980"},"modified":"2024-01-19T23:11:14","modified_gmt":"2024-01-19T22:11:14","slug":"16-02-2024","status":"publish","type":"page","link":"https:\/\/tsvkuppingen.de\/lauftreff\/site\/?page_id=9980","title":{"rendered":"16.02.2024"},"content":{"rendered":"<p><H3>ABTEILUNGSVERSAMMLUNG 2024 <\/H3><br \/>\n<H3>Freitag, 16.02.2024 im TSV Sportheim, Beginn 20:00 Uhr<\/H3><\/p>\n<p>Zu unserer diesj\u00e4hrigen <strong>Abteilungsversammlung<\/strong> laden wir alle <strong>Mitglieder und Interessierte<\/strong> herzlich ein:<\/p>\n<p><strong>Tagesordnung<\/strong>:<br \/>\n&#8211; Begr\u00fc\u00dfung<br \/>\n&#8211; Berichte des Abteilungsrates in Bildern, Kassenbericht<br \/>\n&#8211; Entlastungen \/ Wahlen<br \/>\n&#8211; Ausblick 2024<br \/>\n&#8211; Sonstiges<\/p>\n<p>Antr\u00e4ge zur Tagesordnung sind bis 08.02.2024 schriftlich einzureichen an<br \/>\nClivia Schuker, Taunusstr. 14, 71083 Herrenberg oder per Email an<br \/>\nClivia.Schuker@t-online.de <\/p>\n","protected":false},"excerpt":{"rendered":"<p>ABTEILUNGSVERSAMMLUNG 2024 Freitag, 16.02.2024 im TSV Sportheim, Beginn 20:00 Uhr Zu unserer diesj\u00e4hrigen Abteilungsversammlung laden wir alle Mitglieder und Interessierte herzlich ein: Tagesordnung: &#8211; Begr\u00fc\u00dfung &#8211; Berichte des Abteilungsrates in Bildern, Kassenbericht &#8211; Entlastungen \/ Wahlen &#8211; Ausblick 2024 &#8211; Sonstiges Antr\u00e4ge zur Tagesordnung sind bis 08.02.2024 schriftlich einzureichen an Clivia Schuker, Taunusstr. 14, 71083 [&hellip;]<\/p>\n","protected":false},"author":4,"featured_media":0,"parent":32,"menu_order":9910000,"comment_status":"open","ping_status":"open","template":"","meta":{"ngg_post_thumbnail":0,"footnotes":""},"class_list":["post-9980","page","type-page","status-publish","hentry"],"_links":{"self":[{"href":"https:\/\/tsvkuppingen.de\/lauftreff\/site\/index.php?rest_route=\/wp\/v2\/pages\/9980","targetHints":{"allow":["GET"]}}],"collection":[{"href":"https:\/\/tsvkuppingen.de\/lauftreff\/site\/index.php?rest_route=\/wp\/v2\/pages"}],"about":[{"href":"https:\/\/tsvkuppingen.de\/lauftreff\/site\/index.php?rest_route=\/wp\/v2\/types\/page"}],"author":[{"embeddable":true,"href":"https:\/\/tsvkuppingen.de\/lauftreff\/site\/index.php?rest_route=\/wp\/v2\/users\/4"}],"replies":[{"embeddable":true,"href":"https:\/\/tsvkuppingen.de\/lauftreff\/site\/index.php?rest_route=%2Fwp%2Fv2%2Fcomments&post=9980"}],"version-history":[{"count":5,"href":"https:\/\/tsvkuppingen.de\/lauftreff\/site\/index.php?rest_route=\/wp\/v2\/pages\/9980\/revisions"}],"predecessor-version":[{"id":9988,"href":"https:\/\/tsvkuppingen.de\/lauftreff\/site\/index.php?rest_route=\/wp\/v2\/pages\/9980\/revisions\/9988"}],"up":[{"embeddable":true,"href":"https:\/\/tsvkuppingen.de\/lauftreff\/site\/index.php?rest_route=\/wp\/v2\/pages\/32"}],"wp:attachment":[{"href":"https:\/\/tsvkuppingen.de\/lauftreff\/site\/index.php?rest_route=%2Fwp%2Fv2%2Fmedia&parent=9980"}],"curies":[{"name":"wp","href":"https:\/\/api.w.org\/{rel}","templated":true}]}}